{"id":31,"date":"2022-11-06T19:33:37","date_gmt":"2022-11-06T19:33:37","guid":{"rendered":"https:\/\/www.hierontapalveluparpala.com\/?page_id=31"},"modified":"2025-08-23T04:43:10","modified_gmt":"2025-08-23T04:43:10","slug":"hinnasto","status":"publish","type":"page","link":"https:\/\/www.hierontapalveluparpala.com\/index.php\/hinnasto\/","title":{"rendered":"Hinnasto"},"content":{"rendered":"\n<p><strong>Klassinen hieronta<br>30 min. 37 \u20ac<br><\/strong>Pienen lihaskokonaisuuden hieronta, esim. k\u00e4det, p\u00e4\u00e4, kasvot, lihasvamman j\u00e4lkihoito.<\/p>\n\n\n\n<p><strong>45 min. 49 \u20ac<br><\/strong>Esim. niska-hartiaseutu tai jalat<\/p>\n\n\n\n<p><strong>60 min. 57 \u20ac<br><\/strong>Esim. puolihieronta<\/p>\n\n\n\n<p><strong>75 min. 67 \u20ac<\/strong> Puolihieronta tarkemmalla osahieronnalla, esim. pidempi p\u00e4\u00e4hieronta-aika<\/p>\n\n\n\n<p><strong>90 min. 78 \u20ac&nbsp;<br><\/strong>Kokohieronta tai tarkempi osahieronta<\/p>\n\n\n\n<p><strong>120 min. 110 \u20ac<\/strong> <\/p>\n\n\n\n<p>Kokohieronta <\/p>\n\n\n\n<p><\/p>\n\n\n\n<p><em><strong>R\u00e4\u00e4t\u00e4l\u00f6imme sinulle aina yksil\u00f6llisen hoitsuunnitelman toiveesi mukaan.<\/strong><\/em><\/p>\n\n\n\n<p><strong>Purentalihashieronta 45 min. 49 \u20ac \/&nbsp; 60 min. 59 \u20ac<br><\/strong>K\u00e4sitell\u00e4\u00e4n kasvojen lihakset, purentalihakset kasvojen sis\u00e4pinnoilta sek\u00e4 niskan alueen lihakset.&nbsp;<\/p>\n\n\n\n<p><strong>P\u00e4\u00e4hieronta 30 min. 37 \u20ac<br><\/strong>Rentouttava p\u00e4\u00e4-niska-kasvo-hartiahieronta<\/p>\n\n\n\n<p><strong>Intialainen Ki- energiahieronta 88 \u20ac<br><\/strong>Rentouttava kokohieronta<\/p>\n\n\n\n<p><strong>Hot stone- kuumakivihieronta 78 \u20ac&nbsp;<br><\/strong>Rentouttava kokohieronta<\/p>\n\n\n\n<p><strong>Reiki- terapia 57 \u20ac&nbsp;<br><\/strong>Energiahoito<\/p>\n\n\n\n<p><strong>Parafiinihoito k\u00e4sille 20 \u20ac, hieronnan yhteydess\u00e4 15 \u20ac<\/strong><\/p>\n\n\n\n<div style=\"height:43px\" aria-hidden=\"true\" class=\"wp-block-spacer\"><\/div>\n\n\n\n<p><strong><em>Maksuv\u00e4lineen\u00e4 k\u00e4y k\u00e4teinen, pankkikor<\/em><\/strong><em><strong>tti, ePassi sek\u00e4 Smartum<\/strong><\/em>,  <strong>Edenred<\/strong>, <strong>tilisiirto<\/strong><\/p>\n\n\n\n<div class=\"wp-block-columns is-layout-flex wp-container-core-columns-is-layout-9d6595d7 wp-block-columns-is-layout-flex\">\n<div class=\"wp-block-column is-layout-flow wp-block-column-is-layout-flow\">\n<div class=\"wp-block-columns is-layout-flex wp-container-core-columns-is-layout-9d6595d7 wp-block-columns-is-layout-flex\">\n<div class=\"wp-block-column is-layout-flow wp-block-column-is-layout-flow\"><div class=\"wp-block-image\">\n<figure class=\"aligncenter size-large is-resized\"><img loading=\"lazy\" decoding=\"async\" width=\"1024\" height=\"1024\" src=\"https:\/\/www.hierontapalveluparpala.com\/wp-content\/uploads\/2022\/12\/wellbeing-light-1024x1024.png\" alt=\"\" class=\"wp-image-177\" style=\"width:185px;height:185px\" srcset=\"https:\/\/www.hierontapalveluparpala.com\/wp-content\/uploads\/2022\/12\/wellbeing-light-1024x1024.png 1024w, https:\/\/www.hierontapalveluparpala.com\/wp-content\/uploads\/2022\/12\/wellbeing-light-300x300.png 300w, https:\/\/www.hierontapalveluparpala.com\/wp-content\/uploads\/2022\/12\/wellbeing-light-150x150.png 150w, https:\/\/www.hierontapalveluparpala.com\/wp-content\/uploads\/2022\/12\/wellbeing-light-768x768.png 768w, https:\/\/www.hierontapalveluparpala.com\/wp-content\/uploads\/2022\/12\/wellbeing-light-1536x1536.png 1536w, https:\/\/www.hierontapalveluparpala.com\/wp-content\/uploads\/2022\/12\/wellbeing-light-2048x2048.png 2048w\" sizes=\"auto, (max-width: 1024px) 100vw, 1024px\" \/><\/figure><\/div><\/div>\n\n\n\n<div class=\"wp-block-column is-layout-flow wp-block-column-is-layout-flow\"><div class=\"wp-block-image\">\n<figure class=\"aligncenter size-large is-resized\"><img loading=\"lazy\" decoding=\"async\" width=\"1024\" height=\"576\" src=\"https:\/\/www.hierontapalveluparpala.com\/wp-content\/uploads\/2022\/12\/SmartumPay_2400x1200px-1024x576.png\" alt=\"\" class=\"wp-image-180\" style=\"width:329px;height:185px\" srcset=\"https:\/\/www.hierontapalveluparpala.com\/wp-content\/uploads\/2022\/12\/SmartumPay_2400x1200px-1024x576.png 1024w, https:\/\/www.hierontapalveluparpala.com\/wp-content\/uploads\/2022\/12\/SmartumPay_2400x1200px-300x169.png 300w, https:\/\/www.hierontapalveluparpala.com\/wp-content\/uploads\/2022\/12\/SmartumPay_2400x1200px-768x432.png 768w, https:\/\/www.hierontapalveluparpala.com\/wp-content\/uploads\/2022\/12\/SmartumPay_2400x1200px-1536x864.png 1536w, https:\/\/www.hierontapalveluparpala.com\/wp-content\/uploads\/2022\/12\/SmartumPay_2400x1200px.png 1920w\" sizes=\"auto, (max-width: 1024px) 100vw, 1024px\" \/><\/figure><\/div><\/div>\n<\/div>\n<\/div>\n<\/div>\n","protected":false},"excerpt":{"rendered":"<p>Klassinen hieronta30 min. 37 \u20acPienen lihaskokonaisuuden hieronta, esim. k\u00e4det, p\u00e4\u00e4, kasvot, lihasvamman j\u00e4lkihoito. 45 min. 49 \u20acEsim. niska-hartiaseutu tai jalat 60 min. 57 \u20acEsim. puolihieronta 75 min. 67 \u20ac Puolihieronta tarkemmalla osahieronnalla, esim. pidempi p\u00e4\u00e4hieronta-aika 90 min. 78 \u20ac&nbsp;Kokohieronta tai tarkempi osahieronta 120 min. 110 \u20ac Kokohieronta R\u00e4\u00e4t\u00e4l\u00f6imme sinulle aina yksil\u00f6llisen hoitsuunnitelman toiveesi mukaan. Purentalihashieronta [&hellip;]<\/p>\n","protected":false},"author":1,"featured_media":0,"parent":0,"menu_order":0,"comment_status":"closed","ping_status":"closed","template":"page-templates\/no-sidebar.php","meta":{"footnotes":""},"class_list":["post-31","page","type-page","status-publish","hentry"],"_links":{"self":[{"href":"https:\/\/www.hierontapalveluparpala.com\/index.php\/wp-json\/wp\/v2\/pages\/31","targetHints":{"allow":["GET"]}}],"collection":[{"href":"https:\/\/www.hierontapalveluparpala.com\/index.php\/wp-json\/wp\/v2\/pages"}],"about":[{"href":"https:\/\/www.hierontapalveluparpala.com\/index.php\/wp-json\/wp\/v2\/types\/page"}],"author":[{"embeddable":true,"href":"https:\/\/www.hierontapalveluparpala.com\/index.php\/wp-json\/wp\/v2\/users\/1"}],"replies":[{"embeddable":true,"href":"https:\/\/www.hierontapalveluparpala.com\/index.php\/wp-json\/wp\/v2\/comments?post=31"}],"version-history":[{"count":16,"href":"https:\/\/www.hierontapalveluparpala.com\/index.php\/wp-json\/wp\/v2\/pages\/31\/revisions"}],"predecessor-version":[{"id":267,"href":"https:\/\/www.hierontapalveluparpala.com\/index.php\/wp-json\/wp\/v2\/pages\/31\/revisions\/267"}],"wp:attachment":[{"href":"https:\/\/www.hierontapalveluparpala.com\/index.php\/wp-json\/wp\/v2\/media?parent=31"}],"curies":[{"name":"wp","href":"https:\/\/api.w.org\/{rel}","templated":true}]}}