{"id":20,"date":"2022-11-06T17:06:48","date_gmt":"2022-11-06T17:06:48","guid":{"rendered":"https:\/\/www.hierontapalveluparpala.com\/?page_id=20"},"modified":"2023-02-24T05:54:49","modified_gmt":"2023-02-24T05:54:49","slug":"yritysesittely","status":"publish","type":"page","link":"https:\/\/www.hierontapalveluparpala.com\/","title":{"rendered":"Yritysesittely"},"content":{"rendered":"\n<div class=\"wp-block-columns is-layout-flex wp-container-core-columns-is-layout-9d6595d7 wp-block-columns-is-layout-flex\">\n<div class=\"wp-block-column is-layout-flow wp-block-column-is-layout-flow\" style=\"flex-basis:50%\">\n<div class=\"wp-block-group\"><div class=\"wp-block-group__inner-container is-layout-constrained wp-block-group-is-layout-constrained\">\n<p>Hierontapalvelu T. Parpala toimii Oulun Linnanmaalla. Toiminta-ajatuksena on antaa asiakkaalle rentouttavaa ja turvallista perinteist\u00e4 hierontaa. Olen valmistunut Koulutetuksi hierojaksi 2007<\/p>\n<\/div><\/div>\n<\/div>\n\n\n\n<div class=\"wp-block-column is-layout-flow wp-block-column-is-layout-flow\" style=\"flex-basis:50%\"><div class=\"wp-block-image\">\n<figure class=\"aligncenter size-full\"><img loading=\"lazy\" decoding=\"async\" width=\"175\" height=\"250\" src=\"https:\/\/www.hierontapalveluparpala.com\/wp-content\/uploads\/2022\/11\/tarja.jpg\" alt=\"\" class=\"wp-image-76\"\/><\/figure><\/div><\/div>\n<\/div>\n\n\n\n<div class=\"wp-block-columns is-layout-flex wp-container-core-columns-is-layout-9d6595d7 wp-block-columns-is-layout-flex\">\n<div class=\"wp-block-column is-layout-flow wp-block-column-is-layout-flow\">\n<h2 class=\"wp-block-heading\">Mik\u00e4 on koulutettu hieroja?<\/h2>\n\n\n\n<p>Se on virallisen ammattitutkinnon suorittanut terveydenhuollon ammattilainen. <a rel=\"noreferrer noopener\" href=\"https:\/\/www.valvira.fi\/\" target=\"_blank\">VALVIRA<\/a> pit\u00e4\u00e4 terveydenhuollon ammattilaisista rekisteri\u00e4, johon my\u00f6s koulutetut hierojat on rekister\u00f6ity. Koulutettu hieroja on lailla suojattu ammattinimike. Lain mukaan suojattua ammattinimikett\u00e4 saavat k\u00e4ytt\u00e4\u00e4 vain asianmukaisen tutkinnon suorittaneet, VALVIRA:n rekister\u00f6im\u00e4t ammatinharjoittajat. Koulutetulla hierojalla, niin kuin muillakin terveydenhuollon ammattilaisilla on lakiin perustuva salassapitovelvollisuus. Laki potilaan asemasta ja oikeuksista sek\u00e4 potilasvahinkolaki koskevat my\u00f6s koulutetun hierojan antamia hoitoja.<\/p>\n<\/div>\n\n\n\n<div class=\"wp-block-column is-layout-flow wp-block-column-is-layout-flow\" style=\"flex-basis:300px\"><\/div>\n<\/div>\n\n\n\n<p><\/p>\n","protected":false},"excerpt":{"rendered":"<p>Hierontapalvelu T. Parpala toimii Oulun Linnanmaalla. Toiminta-ajatuksena on antaa asiakkaalle rentouttavaa ja turvallista perinteist\u00e4 hierontaa. Olen valmistunut Koulutetuksi hierojaksi 2007 Mik\u00e4 on koulutettu hieroja? Se on virallisen ammattitutkinnon suorittanut terveydenhuollon ammattilainen. VALVIRA pit\u00e4\u00e4 terveydenhuollon ammattilaisista rekisteri\u00e4, johon my\u00f6s koulutetut hierojat on rekister\u00f6ity. Koulutettu hieroja on lailla suojattu ammattinimike. Lain mukaan suojattua ammattinimikett\u00e4 saavat k\u00e4ytt\u00e4\u00e4 vain [&hellip;]<\/p>\n","protected":false},"author":1,"featured_media":0,"parent":0,"menu_order":0,"comment_status":"closed","ping_status":"closed","template":"page-templates\/template-home.php","meta":{"footnotes":""},"class_list":["post-20","page","type-page","status-publish","hentry"],"_links":{"self":[{"href":"https:\/\/www.hierontapalveluparpala.com\/index.php\/wp-json\/wp\/v2\/pages\/20","targetHints":{"allow":["GET"]}}],"collection":[{"href":"https:\/\/www.hierontapalveluparpala.com\/index.php\/wp-json\/wp\/v2\/pages"}],"about":[{"href":"https:\/\/www.hierontapalveluparpala.com\/index.php\/wp-json\/wp\/v2\/types\/page"}],"author":[{"embeddable":true,"href":"https:\/\/www.hierontapalveluparpala.com\/index.php\/wp-json\/wp\/v2\/users\/1"}],"replies":[{"embeddable":true,"href":"https:\/\/www.hierontapalveluparpala.com\/index.php\/wp-json\/wp\/v2\/comments?post=20"}],"version-history":[{"count":37,"href":"https:\/\/www.hierontapalveluparpala.com\/index.php\/wp-json\/wp\/v2\/pages\/20\/revisions"}],"predecessor-version":[{"id":198,"href":"https:\/\/www.hierontapalveluparpala.com\/index.php\/wp-json\/wp\/v2\/pages\/20\/revisions\/198"}],"wp:attachment":[{"href":"https:\/\/www.hierontapalveluparpala.com\/index.php\/wp-json\/wp\/v2\/media?parent=20"}],"curies":[{"name":"wp","href":"https:\/\/api.w.org\/{rel}","templated":true}]}}