{"id":134,"date":"2022-11-07T15:08:33","date_gmt":"2022-11-07T15:08:33","guid":{"rendered":"https:\/\/www.hierontapalveluparpala.com\/?page_id=134"},"modified":"2022-11-07T15:08:33","modified_gmt":"2022-11-07T15:08:33","slug":"hot-stone-kuumakivihieronta","status":"publish","type":"page","link":"https:\/\/www.hierontapalveluparpala.com\/index.php\/hot-stone-kuumakivihieronta\/","title":{"rendered":"Hot stone- kuumakivihieronta"},"content":{"rendered":"\n<p>L\u00e4mpimill\u00e4 kivill\u00e4 teht\u00e4v\u00e4 ihana, syv\u00e4rentouttava, lihasj\u00e4nnityksi\u00e4 laukaiseva ja energisoiva hemmotteluel\u00e4mys.<\/p>\n\n\n\n<p>Kivet on ker\u00e4tty valikoiduilta tuliper\u00e4isilt\u00e4 alueilta, mist\u00e4 johtuu kivien suuri mineraalipitoisuus. Luonnon muovaamina ne soveltuvat erinomaisesti rakenteellisesti, mm. sileyden ja muodon puolesta kehon k\u00e4sittelyyn ja hoitoihin.&nbsp;<\/p>\n\n\n\n<p>Mineraalipitoisuutensa ansiosta kivet hoitavat ja ravitsevat ihoa.<\/p>\n\n\n\n<p>Kuumilla kivill\u00e4 ja \u00f6ljyn avulla teht\u00e4v\u00e4 koko kehon hieronta laukaisee lihasj\u00e4nnityksi\u00e4 sek\u00e4 stressi\u00e4 tehokkaasti, lis\u00e4ksi hoito aktivoi kehon aineenvaihduntaa.&nbsp;<\/p>\n\n\n\n<p>Hoito on hyvin syv\u00e4rentouttava ja antaa kokonaisvaltaisen hyv\u00e4n olon tunteen.&nbsp;<\/p>\n\n\n\n<p>Hieronta tuntuu miellytt\u00e4v\u00e4n pehme\u00e4lt\u00e4 ja kivuttomalta.<\/p>\n\n\n\n<p>Kylmi\u00e4 kivi\u00e4 voidaan k\u00e4ytt\u00e4\u00e4 kiinteytt\u00e4v\u00e4ss\u00e4 hieronnassa.<\/p>\n\n\n\n<p><strong>Kiviterapian vasta-aiheita ovat<\/strong> kaikki sairaudet, joissa l\u00e4mm\u00f6nsietokyky ja tunto on alentunut joko paikallisesti tai kokonaisvaltaisesti. Kiviterapiaa ei tehd\u00e4 suonikohjuihin, diabetikolle, syd\u00e4nsairaille seik\u00e4 mielell\u00e4\u00e4n ohentuneelle iholle.<\/p>\n","protected":false},"excerpt":{"rendered":"<p>L\u00e4mpimill\u00e4 kivill\u00e4 teht\u00e4v\u00e4 ihana, syv\u00e4rentouttava, lihasj\u00e4nnityksi\u00e4 laukaiseva ja energisoiva hemmotteluel\u00e4mys. Kivet on ker\u00e4tty valikoiduilta tuliper\u00e4isilt\u00e4 alueilta, mist\u00e4 johtuu kivien suuri mineraalipitoisuus. Luonnon muovaamina ne soveltuvat erinomaisesti rakenteellisesti, mm. sileyden ja muodon puolesta kehon k\u00e4sittelyyn ja hoitoihin.&nbsp; Mineraalipitoisuutensa ansiosta kivet hoitavat ja ravitsevat ihoa. Kuumilla kivill\u00e4 ja \u00f6ljyn avulla teht\u00e4v\u00e4 koko kehon hieronta laukaisee lihasj\u00e4nnityksi\u00e4 sek\u00e4 [&hellip;]<\/p>\n","protected":false},"author":1,"featured_media":0,"parent":0,"menu_order":0,"comment_status":"closed","ping_status":"closed","template":"","meta":{"footnotes":""},"class_list":["post-134","page","type-page","status-publish","hentry"],"_links":{"self":[{"href":"https:\/\/www.hierontapalveluparpala.com\/index.php\/wp-json\/wp\/v2\/pages\/134","targetHints":{"allow":["GET"]}}],"collection":[{"href":"https:\/\/www.hierontapalveluparpala.com\/index.php\/wp-json\/wp\/v2\/pages"}],"about":[{"href":"https:\/\/www.hierontapalveluparpala.com\/index.php\/wp-json\/wp\/v2\/types\/page"}],"author":[{"embeddable":true,"href":"https:\/\/www.hierontapalveluparpala.com\/index.php\/wp-json\/wp\/v2\/users\/1"}],"replies":[{"embeddable":true,"href":"https:\/\/www.hierontapalveluparpala.com\/index.php\/wp-json\/wp\/v2\/comments?post=134"}],"version-history":[{"count":1,"href":"https:\/\/www.hierontapalveluparpala.com\/index.php\/wp-json\/wp\/v2\/pages\/134\/revisions"}],"predecessor-version":[{"id":136,"href":"https:\/\/www.hierontapalveluparpala.com\/index.php\/wp-json\/wp\/v2\/pages\/134\/revisions\/136"}],"wp:attachment":[{"href":"https:\/\/www.hierontapalveluparpala.com\/index.php\/wp-json\/wp\/v2\/media?parent=134"}],"curies":[{"name":"wp","href":"https:\/\/api.w.org\/{rel}","templated":true}]}}