{"id":131,"date":"2022-11-07T15:08:04","date_gmt":"2022-11-07T15:08:04","guid":{"rendered":"https:\/\/www.hierontapalveluparpala.com\/?page_id=131"},"modified":"2022-11-07T15:08:04","modified_gmt":"2022-11-07T15:08:04","slug":"purentalihashieronta","status":"publish","type":"page","link":"https:\/\/www.hierontapalveluparpala.com\/index.php\/purentalihashieronta\/","title":{"rendered":"Purentalihashieronta"},"content":{"rendered":"\n<p>K\u00e4sitell\u00e4\u00e4n kasvojen lihakset, purentalihakset suun sis\u00e4pinnoilta, niskan, kaulan ja p\u00e4\u00e4n alueen lihakset sek\u00e4 rintalihakset.<\/p>\n\n\n\n<p>Hieronta voi auttaa p\u00e4\u00e4ns\u00e4rkyyn, huimaukseen, tinnitykseen, hampaiden narskutteluun.<\/p>\n","protected":false},"excerpt":{"rendered":"<p>K\u00e4sitell\u00e4\u00e4n kasvojen lihakset, purentalihakset suun sis\u00e4pinnoilta, niskan, kaulan ja p\u00e4\u00e4n alueen lihakset sek\u00e4 rintalihakset. Hieronta voi auttaa p\u00e4\u00e4ns\u00e4rkyyn, huimaukseen, tinnitykseen, hampaiden narskutteluun.<\/p>\n","protected":false},"author":1,"featured_media":0,"parent":0,"menu_order":0,"comment_status":"closed","ping_status":"closed","template":"","meta":{"footnotes":""},"class_list":["post-131","page","type-page","status-publish","hentry"],"_links":{"self":[{"href":"https:\/\/www.hierontapalveluparpala.com\/index.php\/wp-json\/wp\/v2\/pages\/131","targetHints":{"allow":["GET"]}}],"collection":[{"href":"https:\/\/www.hierontapalveluparpala.com\/index.php\/wp-json\/wp\/v2\/pages"}],"about":[{"href":"https:\/\/www.hierontapalveluparpala.com\/index.php\/wp-json\/wp\/v2\/types\/page"}],"author":[{"embeddable":true,"href":"https:\/\/www.hierontapalveluparpala.com\/index.php\/wp-json\/wp\/v2\/users\/1"}],"replies":[{"embeddable":true,"href":"https:\/\/www.hierontapalveluparpala.com\/index.php\/wp-json\/wp\/v2\/comments?post=131"}],"version-history":[{"count":1,"href":"https:\/\/www.hierontapalveluparpala.com\/index.php\/wp-json\/wp\/v2\/pages\/131\/revisions"}],"predecessor-version":[{"id":133,"href":"https:\/\/www.hierontapalveluparpala.com\/index.php\/wp-json\/wp\/v2\/pages\/131\/revisions\/133"}],"wp:attachment":[{"href":"https:\/\/www.hierontapalveluparpala.com\/index.php\/wp-json\/wp\/v2\/media?parent=131"}],"curies":[{"name":"wp","href":"https:\/\/api.w.org\/{rel}","templated":true}]}}