{"id":128,"date":"2022-11-07T15:07:22","date_gmt":"2022-11-07T15:07:22","guid":{"rendered":"https:\/\/www.hierontapalveluparpala.com\/?page_id=128"},"modified":"2022-11-07T15:07:22","modified_gmt":"2022-11-07T15:07:22","slug":"ki-energia","status":"publish","type":"page","link":"https:\/\/www.hierontapalveluparpala.com\/index.php\/ki-energia\/","title":{"rendered":"Ki-energia"},"content":{"rendered":"\n<p>Ki- energiahierontahoito on koko kehon rentouttava hieronta. Ki- energiahieronta tulee Intiasta. Hieronta tehd\u00e4\u00e4n erilaisin rytmisin hierontatekniikoin rauhallisen musiikin soidessa taustalla. \u00d6ljyn kanssa hierotaan jalat, selk\u00e4, k\u00e4det, rinnan ja vatsan alue, sek\u00e4 lopuksi kasvot ja p\u00e4\u00e4. Hoidon aikana tasapainotetaan chakroja ja marmapisteit\u00e4.&nbsp;<\/p>\n\n\n\n<p>Hoidossa ollaan pikkuhousut jalassa ja pyyhkeiden alla, vain hierottava alue paljastetaan hieronnan ajaksi.&nbsp;<\/p>\n\n\n\n<p>Tervetuloa tutustumaan hoitoon, t\u00e4m\u00e4 on my\u00f6s ihana lahjakorttihoito.<\/p>\n\n\n\n<p>Vasta-aiheet:<\/p>\n\n\n\n<ul class=\"wp-block-list\">\n<li>tuore arpikudos, tai leikkaukset<\/li>\n\n\n\n<li>tarttuvat ihotaudit<\/li>\n\n\n\n<li>tuore, laaja-alainen mustelma<\/li>\n\n\n\n<li>haavat, haavaumat, rikkoutuneet ihoalueet<\/li>\n\n\n\n<li>maitorupi, psoriasis ja muut ihosairaudet jos ne ovat laaja-alaisia tai iho on rikki.<\/li>\n\n\n\n<li>auringon polttama iho<\/li>\n\n\n\n<li>tulehdukset iholla, niveliss\u00e4, lihaksissa<\/li>\n\n\n\n<li>kuume<\/li>\n\n\n\n<li>tulehdus suolistossa (esim. vuotava crohnintauti)<\/li>\n\n\n\n<li>suonikohjut, laskimotukokset<\/li>\n\n\n\n<li>rajoituksia raskauden ja kuukautisen aikana<\/li>\n\n\n\n<li>sy\u00f6p\u00e4, kasvaimet, tyr\u00e4, reuman aktiivivaihe, korkea tai matala verenpaine ja syd\u00e4nviat<\/li>\n\n\n\n<li>epilepsia<\/li>\n\n\n\n<li>ei migreenin aikana<\/li>\n<\/ul>\n","protected":false},"excerpt":{"rendered":"<p>Ki- energiahierontahoito on koko kehon rentouttava hieronta. Ki- energiahieronta tulee Intiasta. Hieronta tehd\u00e4\u00e4n erilaisin rytmisin hierontatekniikoin rauhallisen musiikin soidessa taustalla. \u00d6ljyn kanssa hierotaan jalat, selk\u00e4, k\u00e4det, rinnan ja vatsan alue, sek\u00e4 lopuksi kasvot ja p\u00e4\u00e4. Hoidon aikana tasapainotetaan chakroja ja marmapisteit\u00e4.&nbsp; Hoidossa ollaan pikkuhousut jalassa ja pyyhkeiden alla, vain hierottava alue paljastetaan hieronnan ajaksi.&nbsp; Tervetuloa [&hellip;]<\/p>\n","protected":false},"author":1,"featured_media":0,"parent":0,"menu_order":0,"comment_status":"closed","ping_status":"closed","template":"","meta":{"footnotes":""},"class_list":["post-128","page","type-page","status-publish","hentry"],"_links":{"self":[{"href":"https:\/\/www.hierontapalveluparpala.com\/index.php\/wp-json\/wp\/v2\/pages\/128","targetHints":{"allow":["GET"]}}],"collection":[{"href":"https:\/\/www.hierontapalveluparpala.com\/index.php\/wp-json\/wp\/v2\/pages"}],"about":[{"href":"https:\/\/www.hierontapalveluparpala.com\/index.php\/wp-json\/wp\/v2\/types\/page"}],"author":[{"embeddable":true,"href":"https:\/\/www.hierontapalveluparpala.com\/index.php\/wp-json\/wp\/v2\/users\/1"}],"replies":[{"embeddable":true,"href":"https:\/\/www.hierontapalveluparpala.com\/index.php\/wp-json\/wp\/v2\/comments?post=128"}],"version-history":[{"count":1,"href":"https:\/\/www.hierontapalveluparpala.com\/index.php\/wp-json\/wp\/v2\/pages\/128\/revisions"}],"predecessor-version":[{"id":130,"href":"https:\/\/www.hierontapalveluparpala.com\/index.php\/wp-json\/wp\/v2\/pages\/128\/revisions\/130"}],"wp:attachment":[{"href":"https:\/\/www.hierontapalveluparpala.com\/index.php\/wp-json\/wp\/v2\/media?parent=128"}],"curies":[{"name":"wp","href":"https:\/\/api.w.org\/{rel}","templated":true}]}}