{"id":110,"date":"2022-11-07T14:57:44","date_gmt":"2022-11-07T14:57:44","guid":{"rendered":"https:\/\/www.hierontapalveluparpala.com\/?page_id=110"},"modified":"2025-01-28T17:59:38","modified_gmt":"2025-01-28T17:59:38","slug":"ajankohtaista","status":"publish","type":"page","link":"https:\/\/www.hierontapalveluparpala.com\/index.php\/ajankohtaista\/","title":{"rendered":"Ajankohtaista"},"content":{"rendered":"\n<hr class=\"wp-block-separator has-alpha-channel-opacity\"\/>\n\n\n\n<p>Toimipaikan parkkipaikat A, ovat talon vasemmalla puolella olevat pys\u00e4k\u00f6intipaikat, vasemmalla etuosassa. L\u00e4mp\u00f6tolpissa on kirjain A. Paikkoja on 6 kpl<\/p>\n\n\n\n<hr class=\"wp-block-separator aligncenter has-alpha-channel-opacity\"\/>\n\n\n\n<p>Maksuv\u00e4lineen\u00e4 k\u00e4y nyt my\u00f6s ePassi, Edenred sek\u00e4 Smartum.<\/p>\n\n\n\n<hr class=\"wp-block-separator has-alpha-channel-opacity\"\/>\n\n\n\n<p>Tulethan hierontaan hajusteettomana, ilman parfymeita, kiitos.<\/p>\n","protected":false},"excerpt":{"rendered":"<p>Toimipaikan parkkipaikat A, ovat talon vasemmalla puolella olevat pys\u00e4k\u00f6intipaikat, vasemmalla etuosassa. L\u00e4mp\u00f6tolpissa on kirjain A. Paikkoja on 6 kpl Maksuv\u00e4lineen\u00e4 k\u00e4y nyt my\u00f6s ePassi, Edenred sek\u00e4 Smartum. Tulethan hierontaan hajusteettomana, ilman parfymeita, kiitos.<\/p>\n","protected":false},"author":1,"featured_media":0,"parent":0,"menu_order":0,"comment_status":"closed","ping_status":"closed","template":"","meta":{"footnotes":""},"class_list":["post-110","page","type-page","status-publish","hentry"],"_links":{"self":[{"href":"https:\/\/www.hierontapalveluparpala.com\/index.php\/wp-json\/wp\/v2\/pages\/110","targetHints":{"allow":["GET"]}}],"collection":[{"href":"https:\/\/www.hierontapalveluparpala.com\/index.php\/wp-json\/wp\/v2\/pages"}],"about":[{"href":"https:\/\/www.hierontapalveluparpala.com\/index.php\/wp-json\/wp\/v2\/types\/page"}],"author":[{"embeddable":true,"href":"https:\/\/www.hierontapalveluparpala.com\/index.php\/wp-json\/wp\/v2\/users\/1"}],"replies":[{"embeddable":true,"href":"https:\/\/www.hierontapalveluparpala.com\/index.php\/wp-json\/wp\/v2\/comments?post=110"}],"version-history":[{"count":32,"href":"https:\/\/www.hierontapalveluparpala.com\/index.php\/wp-json\/wp\/v2\/pages\/110\/revisions"}],"predecessor-version":[{"id":256,"href":"https:\/\/www.hierontapalveluparpala.com\/index.php\/wp-json\/wp\/v2\/pages\/110\/revisions\/256"}],"wp:attachment":[{"href":"https:\/\/www.hierontapalveluparpala.com\/index.php\/wp-json\/wp\/v2\/media?parent=110"}],"curies":[{"name":"wp","href":"https:\/\/api.w.org\/{rel}","templated":true}]}}